{"id":5348,"date":"2025-11-12T11:59:02","date_gmt":"2025-11-12T09:59:02","guid":{"rendered":"https:\/\/wonderlandcity.com.cy\/?post_type=product&#038;p=5348"},"modified":"2026-01-27T09:43:59","modified_gmt":"2026-01-27T07:43:59","slug":"tiramisu","status":"publish","type":"product","link":"https:\/\/wonderlandcity.com.cy\/ru\/product\/tiramisu\/","title":{"rendered":"Tiramisu"},"content":{"rendered":"<p>Triple creamy cake with pistachio cr\u00e8me br\u00fbl\u00e9e, chocolate cream, and pistachio mousse, encased in moist chocolate sponge, perfect for pistachio lovers.<\/p>\n","protected":false},"excerpt":{"rendered":"<p>Triple creamy cake with pistachio cr\u00e8me br\u00fbl\u00e9e, chocolate cream, and pistachio mousse, encased in moist chocolate sponge, perfect for pistachio lovers.<br \/>\nDimension: 20cm<\/p>\n","protected":false},"featured_media":6253,"template":"","meta":[],"product_brand":[],"product_cat":[27],"product_tag":[],"class_list":{"0":"post-5348","1":"product","2":"type-product","3":"status-publish","4":"has-post-thumbnail","6":"product_cat-candy-tables","8":"first","9":"instock","10":"taxable","11":"shipping-taxable","12":"purchasable","13":"product-type-simple"},"_links":{"self":[{"href":"https:\/\/wonderlandcity.com.cy\/ru\/wp-json\/wp\/v2\/product\/5348","targetHints":{"allow":["GET"]}}],"collection":[{"href":"https:\/\/wonderlandcity.com.cy\/ru\/wp-json\/wp\/v2\/product"}],"about":[{"href":"https:\/\/wonderlandcity.com.cy\/ru\/wp-json\/wp\/v2\/types\/product"}],"version-history":[{"count":3,"href":"https:\/\/wonderlandcity.com.cy\/ru\/wp-json\/wp\/v2\/product\/5348\/revisions"}],"predecessor-version":[{"id":8065,"href":"https:\/\/wonderlandcity.com.cy\/ru\/wp-json\/wp\/v2\/product\/5348\/revisions\/8065"}],"wp:featuredmedia":[{"embeddable":true,"href":"https:\/\/wonderlandcity.com.cy\/ru\/wp-json\/wp\/v2\/media\/6253"}],"wp:attachment":[{"href":"https:\/\/wonderlandcity.com.cy\/ru\/wp-json\/wp\/v2\/media?parent=5348"}],"wp:term":[{"taxonomy":"product_brand","embeddable":true,"href":"https:\/\/wonderlandcity.com.cy\/ru\/wp-json\/wp\/v2\/product_brand?post=5348"},{"taxonomy":"product_cat","embeddable":true,"href":"https:\/\/wonderlandcity.com.cy\/ru\/wp-json\/wp\/v2\/product_cat?post=5348"},{"taxonomy":"product_tag","embeddable":true,"href":"https:\/\/wonderlandcity.com.cy\/ru\/wp-json\/wp\/v2\/product_tag?post=5348"}],"curies":[{"name":"wp","href":"https:\/\/api.w.org\/{rel}","templated":true}]}}